{"id":1999,"date":"2024-04-30T21:00:45","date_gmt":"2024-04-30T21:00:45","guid":{"rendered":"https:\/\/oralvie.webistry.dev\/cookie-settings\/"},"modified":"2026-04-24T16:40:36","modified_gmt":"2026-04-24T16:40:36","slug":"parametres-des-cookies","status":"publish","type":"page","link":"https:\/\/oralvie.com\/fr\/parametres-des-cookies\/","title":{"rendered":"Politique de cookies"},"content":{"rendered":"","protected":false},"excerpt":{"rendered":"","protected":false},"author":1,"featured_media":0,"parent":0,"menu_order":0,"comment_status":"closed","ping_status":"closed","template":"","meta":{"_acf_changed":false,"footnotes":""},"class_list":["post-1999","page","type-page","status-publish","hentry"],"acf":[],"yoast_head":"<!-- This site is optimized with the Yoast SEO plugin v27.5 - https:\/\/yoast.com\/product\/yoast-seo-wordpress\/ -->\n<title>Politique de cookies - Oralvie<\/title>\n<meta name=\"description\" content=\"Bienvenue sur la page Param\u00e8tres des cookies de la Clinique Dentaire Oralvie. Chez Oralvie, nous accordons la priorit\u00e9 \u00e0 votre vie priv\u00e9e et nous effor\u00e7ons de vous offrir une exp\u00e9rience de navigation transparente et s\u00e9curis\u00e9e. Dans le cadre de notre engagement \u00e0 respecter la l\u00e9gislation qu\u00e9b\u00e9coise, nous souhaitons vous informer sur la mani\u00e8re dont nous utilisons les cookies sur notre site Web et vous donner le contr\u00f4le pour g\u00e9rer vos pr\u00e9f\u00e9rences en mati\u00e8re de cookies.\" \/>\n<meta name=\"robots\" content=\"index, follow, max-snippet:-1, max-image-preview:large, max-video-preview:-1\" \/>\n<link rel=\"canonical\" href=\"https:\/\/oralvie.com\/fr\/parametres-des-cookies\/\" \/>\n<meta property=\"og:locale\" content=\"fr_FR\" \/>\n<meta property=\"og:type\" content=\"article\" \/>\n<meta property=\"og:title\" content=\"Politique de cookies - Oralvie\" \/>\n<meta property=\"og:description\" content=\"Bienvenue sur la page Param\u00e8tres des cookies de la Clinique Dentaire Oralvie. Chez Oralvie, nous accordons la priorit\u00e9 \u00e0 votre vie priv\u00e9e et nous effor\u00e7ons de vous offrir une exp\u00e9rience de navigation transparente et s\u00e9curis\u00e9e. Dans le cadre de notre engagement \u00e0 respecter la l\u00e9gislation qu\u00e9b\u00e9coise, nous souhaitons vous informer sur la mani\u00e8re dont nous utilisons les cookies sur notre site Web et vous donner le contr\u00f4le pour g\u00e9rer vos pr\u00e9f\u00e9rences en mati\u00e8re de cookies.\" \/>\n<meta property=\"og:url\" content=\"https:\/\/oralvie.com\/fr\/parametres-des-cookies\/\" \/>\n<meta property=\"og:site_name\" content=\"Oralvie\" \/>\n<meta property=\"article:modified_time\" content=\"2026-04-24T16:40:36+00:00\" \/>\n<meta name=\"twitter:card\" content=\"summary_large_image\" \/>\n<script type=\"application\/ld+json\" class=\"yoast-schema-graph\">{\"@context\":\"https:\\\/\\\/schema.org\",\"@graph\":[{\"@type\":\"WebPage\",\"@id\":\"https:\\\/\\\/oralvie.com\\\/fr\\\/parametres-des-cookies\\\/\",\"url\":\"https:\\\/\\\/oralvie.com\\\/fr\\\/parametres-des-cookies\\\/\",\"name\":\"Politique de cookies - Oralvie\",\"isPartOf\":{\"@id\":\"https:\\\/\\\/oralvie.com\\\/fr\\\/#website\"},\"datePublished\":\"2024-04-30T21:00:45+00:00\",\"dateModified\":\"2026-04-24T16:40:36+00:00\",\"description\":\"Bienvenue sur la page Param\u00e8tres des cookies de la Clinique Dentaire Oralvie. Chez Oralvie, nous accordons la priorit\u00e9 \u00e0 votre vie priv\u00e9e et nous effor\u00e7ons de vous offrir une exp\u00e9rience de navigation transparente et s\u00e9curis\u00e9e. Dans le cadre de notre engagement \u00e0 respecter la l\u00e9gislation qu\u00e9b\u00e9coise, nous souhaitons vous informer sur la mani\u00e8re dont nous utilisons les cookies sur notre site Web et vous donner le contr\u00f4le pour g\u00e9rer vos pr\u00e9f\u00e9rences en mati\u00e8re de cookies.\",\"breadcrumb\":{\"@id\":\"https:\\\/\\\/oralvie.com\\\/fr\\\/parametres-des-cookies\\\/#breadcrumb\"},\"inLanguage\":\"fr-FR\",\"potentialAction\":[{\"@type\":\"ReadAction\",\"target\":[\"https:\\\/\\\/oralvie.com\\\/fr\\\/parametres-des-cookies\\\/\"]}]},{\"@type\":\"BreadcrumbList\",\"@id\":\"https:\\\/\\\/oralvie.com\\\/fr\\\/parametres-des-cookies\\\/#breadcrumb\",\"itemListElement\":[{\"@type\":\"ListItem\",\"position\":1,\"name\":\"Home\",\"item\":\"https:\\\/\\\/oralvie.com\\\/fr\\\/\"},{\"@type\":\"ListItem\",\"position\":2,\"name\":\"Politique de cookies\"}]},{\"@type\":\"WebSite\",\"@id\":\"https:\\\/\\\/oralvie.com\\\/fr\\\/#website\",\"url\":\"https:\\\/\\\/oralvie.com\\\/fr\\\/\",\"name\":\"Oralvie\",\"description\":\"\",\"publisher\":{\"@id\":\"https:\\\/\\\/oralvie.com\\\/fr\\\/#organization\"},\"potentialAction\":[{\"@type\":\"SearchAction\",\"target\":{\"@type\":\"EntryPoint\",\"urlTemplate\":\"https:\\\/\\\/oralvie.com\\\/fr\\\/?s={search_term_string}\"},\"query-input\":{\"@type\":\"PropertyValueSpecification\",\"valueRequired\":true,\"valueName\":\"search_term_string\"}}],\"inLanguage\":\"fr-FR\"},{\"@type\":\"Organization\",\"@id\":\"https:\\\/\\\/oralvie.com\\\/fr\\\/#organization\",\"name\":\"Oralvie\",\"url\":\"https:\\\/\\\/oralvie.com\\\/fr\\\/\",\"logo\":{\"@type\":\"ImageObject\",\"inLanguage\":\"fr-FR\",\"@id\":\"https:\\\/\\\/oralvie.com\\\/fr\\\/#\\\/schema\\\/logo\\\/image\\\/\",\"url\":\"https:\\\/\\\/oralvie.com\\\/wp-content\\\/uploads\\\/2024\\\/08\\\/Oralvie-Logo_3x.webp\",\"contentUrl\":\"https:\\\/\\\/oralvie.com\\\/wp-content\\\/uploads\\\/2024\\\/08\\\/Oralvie-Logo_3x.webp\",\"width\":336,\"height\":84,\"caption\":\"Oralvie\"},\"image\":{\"@id\":\"https:\\\/\\\/oralvie.com\\\/fr\\\/#\\\/schema\\\/logo\\\/image\\\/\"}}]}<\/script>\n<!-- \/ Yoast SEO plugin. -->","yoast_head_json":{"title":"Politique de cookies - Oralvie","description":"Bienvenue sur la page Param\u00e8tres des cookies de la Clinique Dentaire Oralvie. Chez Oralvie, nous accordons la priorit\u00e9 \u00e0 votre vie priv\u00e9e et nous effor\u00e7ons de vous offrir une exp\u00e9rience de navigation transparente et s\u00e9curis\u00e9e. Dans le cadre de notre engagement \u00e0 respecter la l\u00e9gislation qu\u00e9b\u00e9coise, nous souhaitons vous informer sur la mani\u00e8re dont nous utilisons les cookies sur notre site Web et vous donner le contr\u00f4le pour g\u00e9rer vos pr\u00e9f\u00e9rences en mati\u00e8re de cookies.","robots":{"index":"index","follow":"follow","max-snippet":"max-snippet:-1","max-image-preview":"max-image-preview:large","max-video-preview":"max-video-preview:-1"},"canonical":"https:\/\/oralvie.com\/fr\/parametres-des-cookies\/","og_locale":"fr_FR","og_type":"article","og_title":"Politique de cookies - Oralvie","og_description":"Bienvenue sur la page Param\u00e8tres des cookies de la Clinique Dentaire Oralvie. Chez Oralvie, nous accordons la priorit\u00e9 \u00e0 votre vie priv\u00e9e et nous effor\u00e7ons de vous offrir une exp\u00e9rience de navigation transparente et s\u00e9curis\u00e9e. Dans le cadre de notre engagement \u00e0 respecter la l\u00e9gislation qu\u00e9b\u00e9coise, nous souhaitons vous informer sur la mani\u00e8re dont nous utilisons les cookies sur notre site Web et vous donner le contr\u00f4le pour g\u00e9rer vos pr\u00e9f\u00e9rences en mati\u00e8re de cookies.","og_url":"https:\/\/oralvie.com\/fr\/parametres-des-cookies\/","og_site_name":"Oralvie","article_modified_time":"2026-04-24T16:40:36+00:00","twitter_card":"summary_large_image","schema":{"@context":"https:\/\/schema.org","@graph":[{"@type":"WebPage","@id":"https:\/\/oralvie.com\/fr\/parametres-des-cookies\/","url":"https:\/\/oralvie.com\/fr\/parametres-des-cookies\/","name":"Politique de cookies - Oralvie","isPartOf":{"@id":"https:\/\/oralvie.com\/fr\/#website"},"datePublished":"2024-04-30T21:00:45+00:00","dateModified":"2026-04-24T16:40:36+00:00","description":"Bienvenue sur la page Param\u00e8tres des cookies de la Clinique Dentaire Oralvie. Chez Oralvie, nous accordons la priorit\u00e9 \u00e0 votre vie priv\u00e9e et nous effor\u00e7ons de vous offrir une exp\u00e9rience de navigation transparente et s\u00e9curis\u00e9e. Dans le cadre de notre engagement \u00e0 respecter la l\u00e9gislation qu\u00e9b\u00e9coise, nous souhaitons vous informer sur la mani\u00e8re dont nous utilisons les cookies sur notre site Web et vous donner le contr\u00f4le pour g\u00e9rer vos pr\u00e9f\u00e9rences en mati\u00e8re de cookies.","breadcrumb":{"@id":"https:\/\/oralvie.com\/fr\/parametres-des-cookies\/#breadcrumb"},"inLanguage":"fr-FR","potentialAction":[{"@type":"ReadAction","target":["https:\/\/oralvie.com\/fr\/parametres-des-cookies\/"]}]},{"@type":"BreadcrumbList","@id":"https:\/\/oralvie.com\/fr\/parametres-des-cookies\/#breadcrumb","itemListElement":[{"@type":"ListItem","position":1,"name":"Home","item":"https:\/\/oralvie.com\/fr\/"},{"@type":"ListItem","position":2,"name":"Politique de cookies"}]},{"@type":"WebSite","@id":"https:\/\/oralvie.com\/fr\/#website","url":"https:\/\/oralvie.com\/fr\/","name":"Oralvie","description":"","publisher":{"@id":"https:\/\/oralvie.com\/fr\/#organization"},"potentialAction":[{"@type":"SearchAction","target":{"@type":"EntryPoint","urlTemplate":"https:\/\/oralvie.com\/fr\/?s={search_term_string}"},"query-input":{"@type":"PropertyValueSpecification","valueRequired":true,"valueName":"search_term_string"}}],"inLanguage":"fr-FR"},{"@type":"Organization","@id":"https:\/\/oralvie.com\/fr\/#organization","name":"Oralvie","url":"https:\/\/oralvie.com\/fr\/","logo":{"@type":"ImageObject","inLanguage":"fr-FR","@id":"https:\/\/oralvie.com\/fr\/#\/schema\/logo\/image\/","url":"https:\/\/oralvie.com\/wp-content\/uploads\/2024\/08\/Oralvie-Logo_3x.webp","contentUrl":"https:\/\/oralvie.com\/wp-content\/uploads\/2024\/08\/Oralvie-Logo_3x.webp","width":336,"height":84,"caption":"Oralvie"},"image":{"@id":"https:\/\/oralvie.com\/fr\/#\/schema\/logo\/image\/"}}]}},"_links":{"self":[{"href":"https:\/\/oralvie.com\/fr\/wp-json\/wp\/v2\/pages\/1999","targetHints":{"allow":["GET"]}}],"collection":[{"href":"https:\/\/oralvie.com\/fr\/wp-json\/wp\/v2\/pages"}],"about":[{"href":"https:\/\/oralvie.com\/fr\/wp-json\/wp\/v2\/types\/page"}],"author":[{"embeddable":true,"href":"https:\/\/oralvie.com\/fr\/wp-json\/wp\/v2\/users\/1"}],"replies":[{"embeddable":true,"href":"https:\/\/oralvie.com\/fr\/wp-json\/wp\/v2\/comments?post=1999"}],"version-history":[{"count":4,"href":"https:\/\/oralvie.com\/fr\/wp-json\/wp\/v2\/pages\/1999\/revisions"}],"predecessor-version":[{"id":5602,"href":"https:\/\/oralvie.com\/fr\/wp-json\/wp\/v2\/pages\/1999\/revisions\/5602"}],"wp:attachment":[{"href":"https:\/\/oralvie.com\/fr\/wp-json\/wp\/v2\/media?parent=1999"}],"curies":[{"name":"wp","href":"https:\/\/api.w.org\/{rel}","templated":true}]}}