{"id":2000,"date":"2024-04-30T21:00:37","date_gmt":"2024-04-30T21:00:37","guid":{"rendered":"https:\/\/oralvie.webistry.dev\/terms-of-service\/"},"modified":"2026-04-24T16:53:16","modified_gmt":"2026-04-24T16:53:16","slug":"conditions-dutilisation","status":"publish","type":"page","link":"https:\/\/oralvie.com\/fr\/conditions-dutilisation\/","title":{"rendered":"Conditions d&rsquo;utilisation"},"content":{"rendered":"","protected":false},"excerpt":{"rendered":"","protected":false},"author":1,"featured_media":0,"parent":0,"menu_order":0,"comment_status":"closed","ping_status":"closed","template":"","meta":{"_acf_changed":false,"footnotes":""},"class_list":["post-2000","page","type-page","status-publish","hentry"],"acf":[],"yoast_head":"<!-- This site is optimized with the Yoast SEO plugin v27.5 - https:\/\/yoast.com\/product\/yoast-seo-wordpress\/ -->\n<title>Conditions d&#039;utilisation - Oralvie<\/title>\n<meta name=\"description\" content=\"Bienvenue sur le site Web de la clinique dentaire Oralvie. Ces conditions d&#039;utilisation (\u00ab Conditions \u00bb) r\u00e9gissent votre utilisation de notre site Web situ\u00e9 \u00e0 l&#039;adresse www.oralvie.com (le \u00ab Site \u00bb). En acc\u00e9dant \u00e0 notre Site ou en l&#039;utilisant, vous acceptez de vous conformer \u00e0 ces Conditions et d&#039;\u00eatre li\u00e9 par elles. Si vous n&#039;acceptez pas ces Conditions, veuillez ne pas utiliser notre Site.\" \/>\n<meta name=\"robots\" content=\"index, follow, max-snippet:-1, max-image-preview:large, max-video-preview:-1\" \/>\n<link rel=\"canonical\" href=\"https:\/\/oralvie.com\/fr\/conditions-dutilisation\/\" \/>\n<meta property=\"og:locale\" content=\"fr_FR\" \/>\n<meta property=\"og:type\" content=\"article\" \/>\n<meta property=\"og:title\" content=\"Conditions d&#039;utilisation - Oralvie\" \/>\n<meta property=\"og:description\" content=\"Bienvenue sur le site Web de la clinique dentaire Oralvie. Ces conditions d&#039;utilisation (\u00ab Conditions \u00bb) r\u00e9gissent votre utilisation de notre site Web situ\u00e9 \u00e0 l&#039;adresse www.oralvie.com (le \u00ab Site \u00bb). En acc\u00e9dant \u00e0 notre Site ou en l&#039;utilisant, vous acceptez de vous conformer \u00e0 ces Conditions et d&#039;\u00eatre li\u00e9 par elles. Si vous n&#039;acceptez pas ces Conditions, veuillez ne pas utiliser notre Site.\" \/>\n<meta property=\"og:url\" content=\"https:\/\/oralvie.com\/fr\/conditions-dutilisation\/\" \/>\n<meta property=\"og:site_name\" content=\"Oralvie\" \/>\n<meta property=\"article:modified_time\" content=\"2026-04-24T16:53:16+00:00\" \/>\n<meta name=\"twitter:card\" content=\"summary_large_image\" \/>\n<script type=\"application\/ld+json\" class=\"yoast-schema-graph\">{\"@context\":\"https:\\\/\\\/schema.org\",\"@graph\":[{\"@type\":\"WebPage\",\"@id\":\"https:\\\/\\\/oralvie.com\\\/fr\\\/conditions-dutilisation\\\/\",\"url\":\"https:\\\/\\\/oralvie.com\\\/fr\\\/conditions-dutilisation\\\/\",\"name\":\"Conditions d'utilisation - Oralvie\",\"isPartOf\":{\"@id\":\"https:\\\/\\\/oralvie.com\\\/fr\\\/#website\"},\"datePublished\":\"2024-04-30T21:00:37+00:00\",\"dateModified\":\"2026-04-24T16:53:16+00:00\",\"description\":\"Bienvenue sur le site Web de la clinique dentaire Oralvie. Ces conditions d'utilisation (\u00ab Conditions \u00bb) r\u00e9gissent votre utilisation de notre site Web situ\u00e9 \u00e0 l'adresse www.oralvie.com (le \u00ab Site \u00bb). En acc\u00e9dant \u00e0 notre Site ou en l'utilisant, vous acceptez de vous conformer \u00e0 ces Conditions et d'\u00eatre li\u00e9 par elles. Si vous n'acceptez pas ces Conditions, veuillez ne pas utiliser notre Site.\",\"breadcrumb\":{\"@id\":\"https:\\\/\\\/oralvie.com\\\/fr\\\/conditions-dutilisation\\\/#breadcrumb\"},\"inLanguage\":\"fr-FR\",\"potentialAction\":[{\"@type\":\"ReadAction\",\"target\":[\"https:\\\/\\\/oralvie.com\\\/fr\\\/conditions-dutilisation\\\/\"]}]},{\"@type\":\"BreadcrumbList\",\"@id\":\"https:\\\/\\\/oralvie.com\\\/fr\\\/conditions-dutilisation\\\/#breadcrumb\",\"itemListElement\":[{\"@type\":\"ListItem\",\"position\":1,\"name\":\"Home\",\"item\":\"https:\\\/\\\/oralvie.com\\\/fr\\\/\"},{\"@type\":\"ListItem\",\"position\":2,\"name\":\"Conditions d&#8217;utilisation\"}]},{\"@type\":\"WebSite\",\"@id\":\"https:\\\/\\\/oralvie.com\\\/fr\\\/#website\",\"url\":\"https:\\\/\\\/oralvie.com\\\/fr\\\/\",\"name\":\"Oralvie\",\"description\":\"\",\"publisher\":{\"@id\":\"https:\\\/\\\/oralvie.com\\\/fr\\\/#organization\"},\"potentialAction\":[{\"@type\":\"SearchAction\",\"target\":{\"@type\":\"EntryPoint\",\"urlTemplate\":\"https:\\\/\\\/oralvie.com\\\/fr\\\/?s={search_term_string}\"},\"query-input\":{\"@type\":\"PropertyValueSpecification\",\"valueRequired\":true,\"valueName\":\"search_term_string\"}}],\"inLanguage\":\"fr-FR\"},{\"@type\":\"Organization\",\"@id\":\"https:\\\/\\\/oralvie.com\\\/fr\\\/#organization\",\"name\":\"Oralvie\",\"url\":\"https:\\\/\\\/oralvie.com\\\/fr\\\/\",\"logo\":{\"@type\":\"ImageObject\",\"inLanguage\":\"fr-FR\",\"@id\":\"https:\\\/\\\/oralvie.com\\\/fr\\\/#\\\/schema\\\/logo\\\/image\\\/\",\"url\":\"https:\\\/\\\/oralvie.com\\\/wp-content\\\/uploads\\\/2024\\\/08\\\/Oralvie-Logo_3x.webp\",\"contentUrl\":\"https:\\\/\\\/oralvie.com\\\/wp-content\\\/uploads\\\/2024\\\/08\\\/Oralvie-Logo_3x.webp\",\"width\":336,\"height\":84,\"caption\":\"Oralvie\"},\"image\":{\"@id\":\"https:\\\/\\\/oralvie.com\\\/fr\\\/#\\\/schema\\\/logo\\\/image\\\/\"}}]}<\/script>\n<!-- \/ Yoast SEO plugin. -->","yoast_head_json":{"title":"Conditions d'utilisation - Oralvie","description":"Bienvenue sur le site Web de la clinique dentaire Oralvie. Ces conditions d'utilisation (\u00ab Conditions \u00bb) r\u00e9gissent votre utilisation de notre site Web situ\u00e9 \u00e0 l'adresse www.oralvie.com (le \u00ab Site \u00bb). En acc\u00e9dant \u00e0 notre Site ou en l'utilisant, vous acceptez de vous conformer \u00e0 ces Conditions et d'\u00eatre li\u00e9 par elles. Si vous n'acceptez pas ces Conditions, veuillez ne pas utiliser notre Site.","robots":{"index":"index","follow":"follow","max-snippet":"max-snippet:-1","max-image-preview":"max-image-preview:large","max-video-preview":"max-video-preview:-1"},"canonical":"https:\/\/oralvie.com\/fr\/conditions-dutilisation\/","og_locale":"fr_FR","og_type":"article","og_title":"Conditions d'utilisation - Oralvie","og_description":"Bienvenue sur le site Web de la clinique dentaire Oralvie. Ces conditions d'utilisation (\u00ab Conditions \u00bb) r\u00e9gissent votre utilisation de notre site Web situ\u00e9 \u00e0 l'adresse www.oralvie.com (le \u00ab Site \u00bb). En acc\u00e9dant \u00e0 notre Site ou en l'utilisant, vous acceptez de vous conformer \u00e0 ces Conditions et d'\u00eatre li\u00e9 par elles. Si vous n'acceptez pas ces Conditions, veuillez ne pas utiliser notre Site.","og_url":"https:\/\/oralvie.com\/fr\/conditions-dutilisation\/","og_site_name":"Oralvie","article_modified_time":"2026-04-24T16:53:16+00:00","twitter_card":"summary_large_image","schema":{"@context":"https:\/\/schema.org","@graph":[{"@type":"WebPage","@id":"https:\/\/oralvie.com\/fr\/conditions-dutilisation\/","url":"https:\/\/oralvie.com\/fr\/conditions-dutilisation\/","name":"Conditions d'utilisation - Oralvie","isPartOf":{"@id":"https:\/\/oralvie.com\/fr\/#website"},"datePublished":"2024-04-30T21:00:37+00:00","dateModified":"2026-04-24T16:53:16+00:00","description":"Bienvenue sur le site Web de la clinique dentaire Oralvie. Ces conditions d'utilisation (\u00ab Conditions \u00bb) r\u00e9gissent votre utilisation de notre site Web situ\u00e9 \u00e0 l'adresse www.oralvie.com (le \u00ab Site \u00bb). En acc\u00e9dant \u00e0 notre Site ou en l'utilisant, vous acceptez de vous conformer \u00e0 ces Conditions et d'\u00eatre li\u00e9 par elles. Si vous n'acceptez pas ces Conditions, veuillez ne pas utiliser notre Site.","breadcrumb":{"@id":"https:\/\/oralvie.com\/fr\/conditions-dutilisation\/#breadcrumb"},"inLanguage":"fr-FR","potentialAction":[{"@type":"ReadAction","target":["https:\/\/oralvie.com\/fr\/conditions-dutilisation\/"]}]},{"@type":"BreadcrumbList","@id":"https:\/\/oralvie.com\/fr\/conditions-dutilisation\/#breadcrumb","itemListElement":[{"@type":"ListItem","position":1,"name":"Home","item":"https:\/\/oralvie.com\/fr\/"},{"@type":"ListItem","position":2,"name":"Conditions d&#8217;utilisation"}]},{"@type":"WebSite","@id":"https:\/\/oralvie.com\/fr\/#website","url":"https:\/\/oralvie.com\/fr\/","name":"Oralvie","description":"","publisher":{"@id":"https:\/\/oralvie.com\/fr\/#organization"},"potentialAction":[{"@type":"SearchAction","target":{"@type":"EntryPoint","urlTemplate":"https:\/\/oralvie.com\/fr\/?s={search_term_string}"},"query-input":{"@type":"PropertyValueSpecification","valueRequired":true,"valueName":"search_term_string"}}],"inLanguage":"fr-FR"},{"@type":"Organization","@id":"https:\/\/oralvie.com\/fr\/#organization","name":"Oralvie","url":"https:\/\/oralvie.com\/fr\/","logo":{"@type":"ImageObject","inLanguage":"fr-FR","@id":"https:\/\/oralvie.com\/fr\/#\/schema\/logo\/image\/","url":"https:\/\/oralvie.com\/wp-content\/uploads\/2024\/08\/Oralvie-Logo_3x.webp","contentUrl":"https:\/\/oralvie.com\/wp-content\/uploads\/2024\/08\/Oralvie-Logo_3x.webp","width":336,"height":84,"caption":"Oralvie"},"image":{"@id":"https:\/\/oralvie.com\/fr\/#\/schema\/logo\/image\/"}}]}},"_links":{"self":[{"href":"https:\/\/oralvie.com\/fr\/wp-json\/wp\/v2\/pages\/2000","targetHints":{"allow":["GET"]}}],"collection":[{"href":"https:\/\/oralvie.com\/fr\/wp-json\/wp\/v2\/pages"}],"about":[{"href":"https:\/\/oralvie.com\/fr\/wp-json\/wp\/v2\/types\/page"}],"author":[{"embeddable":true,"href":"https:\/\/oralvie.com\/fr\/wp-json\/wp\/v2\/users\/1"}],"replies":[{"embeddable":true,"href":"https:\/\/oralvie.com\/fr\/wp-json\/wp\/v2\/comments?post=2000"}],"version-history":[{"count":4,"href":"https:\/\/oralvie.com\/fr\/wp-json\/wp\/v2\/pages\/2000\/revisions"}],"predecessor-version":[{"id":5606,"href":"https:\/\/oralvie.com\/fr\/wp-json\/wp\/v2\/pages\/2000\/revisions\/5606"}],"wp:attachment":[{"href":"https:\/\/oralvie.com\/fr\/wp-json\/wp\/v2\/media?parent=2000"}],"curies":[{"name":"wp","href":"https:\/\/api.w.org\/{rel}","templated":true}]}}