{"id":2001,"date":"2024-04-30T21:00:30","date_gmt":"2024-04-30T21:00:30","guid":{"rendered":"https:\/\/oralvie.webistry.dev\/privacy-policy\/"},"modified":"2026-04-24T16:23:47","modified_gmt":"2026-04-24T16:23:47","slug":"politique-de-confidentialite","status":"publish","type":"page","link":"https:\/\/oralvie.com\/fr\/politique-de-confidentialite\/","title":{"rendered":"Politique de Confidentialit\u00e9"},"content":{"rendered":"","protected":false},"excerpt":{"rendered":"","protected":false},"author":1,"featured_media":0,"parent":0,"menu_order":0,"comment_status":"closed","ping_status":"closed","template":"","meta":{"_acf_changed":false,"footnotes":""},"class_list":["post-2001","page","type-page","status-publish","hentry"],"acf":[],"yoast_head":"<!-- This site is optimized with the Yoast SEO plugin v27.5 - https:\/\/yoast.com\/product\/yoast-seo-wordpress\/ -->\n<title>Politique de Confidentialit\u00e9 - Oralvie<\/title>\n<meta name=\"description\" content=\"Cette politique de confidentialit\u00e9 d\u00e9crit nos politiques et proc\u00e9dures relatives \u00e0 la collecte, \u00e0 l&#039;utilisation et \u00e0 la divulgation de vos informations lorsque vous utilisez le Service et vous informe de vos droits en mati\u00e8re de confidentialit\u00e9 et de la mani\u00e8re dont la loi vous prot\u00e8ge.\" \/>\n<meta name=\"robots\" content=\"index, follow, max-snippet:-1, max-image-preview:large, max-video-preview:-1\" \/>\n<link rel=\"canonical\" href=\"https:\/\/oralvie.com\/fr\/politique-de-confidentialite\/\" \/>\n<meta property=\"og:locale\" content=\"fr_FR\" \/>\n<meta property=\"og:type\" content=\"article\" \/>\n<meta property=\"og:title\" content=\"Politique de Confidentialit\u00e9 - Oralvie\" \/>\n<meta property=\"og:description\" content=\"Cette politique de confidentialit\u00e9 d\u00e9crit nos politiques et proc\u00e9dures relatives \u00e0 la collecte, \u00e0 l&#039;utilisation et \u00e0 la divulgation de vos informations lorsque vous utilisez le Service et vous informe de vos droits en mati\u00e8re de confidentialit\u00e9 et de la mani\u00e8re dont la loi vous prot\u00e8ge.\" \/>\n<meta property=\"og:url\" content=\"https:\/\/oralvie.com\/fr\/politique-de-confidentialite\/\" \/>\n<meta property=\"og:site_name\" content=\"Oralvie\" \/>\n<meta property=\"article:modified_time\" content=\"2026-04-24T16:23:47+00:00\" \/>\n<meta name=\"twitter:card\" content=\"summary_large_image\" \/>\n<script type=\"application\/ld+json\" class=\"yoast-schema-graph\">{\"@context\":\"https:\\\/\\\/schema.org\",\"@graph\":[{\"@type\":\"WebPage\",\"@id\":\"https:\\\/\\\/oralvie.com\\\/fr\\\/politique-de-confidentialite\\\/\",\"url\":\"https:\\\/\\\/oralvie.com\\\/fr\\\/politique-de-confidentialite\\\/\",\"name\":\"Politique de Confidentialit\u00e9 - Oralvie\",\"isPartOf\":{\"@id\":\"https:\\\/\\\/oralvie.com\\\/fr\\\/#website\"},\"datePublished\":\"2024-04-30T21:00:30+00:00\",\"dateModified\":\"2026-04-24T16:23:47+00:00\",\"description\":\"Cette politique de confidentialit\u00e9 d\u00e9crit nos politiques et proc\u00e9dures relatives \u00e0 la collecte, \u00e0 l'utilisation et \u00e0 la divulgation de vos informations lorsque vous utilisez le Service et vous informe de vos droits en mati\u00e8re de confidentialit\u00e9 et de la mani\u00e8re dont la loi vous prot\u00e8ge.\",\"breadcrumb\":{\"@id\":\"https:\\\/\\\/oralvie.com\\\/fr\\\/politique-de-confidentialite\\\/#breadcrumb\"},\"inLanguage\":\"fr-FR\",\"potentialAction\":[{\"@type\":\"ReadAction\",\"target\":[\"https:\\\/\\\/oralvie.com\\\/fr\\\/politique-de-confidentialite\\\/\"]}]},{\"@type\":\"BreadcrumbList\",\"@id\":\"https:\\\/\\\/oralvie.com\\\/fr\\\/politique-de-confidentialite\\\/#breadcrumb\",\"itemListElement\":[{\"@type\":\"ListItem\",\"position\":1,\"name\":\"Home\",\"item\":\"https:\\\/\\\/oralvie.com\\\/fr\\\/\"},{\"@type\":\"ListItem\",\"position\":2,\"name\":\"Politique de Confidentialit\u00e9\"}]},{\"@type\":\"WebSite\",\"@id\":\"https:\\\/\\\/oralvie.com\\\/fr\\\/#website\",\"url\":\"https:\\\/\\\/oralvie.com\\\/fr\\\/\",\"name\":\"Oralvie\",\"description\":\"\",\"publisher\":{\"@id\":\"https:\\\/\\\/oralvie.com\\\/fr\\\/#organization\"},\"potentialAction\":[{\"@type\":\"SearchAction\",\"target\":{\"@type\":\"EntryPoint\",\"urlTemplate\":\"https:\\\/\\\/oralvie.com\\\/fr\\\/?s={search_term_string}\"},\"query-input\":{\"@type\":\"PropertyValueSpecification\",\"valueRequired\":true,\"valueName\":\"search_term_string\"}}],\"inLanguage\":\"fr-FR\"},{\"@type\":\"Organization\",\"@id\":\"https:\\\/\\\/oralvie.com\\\/fr\\\/#organization\",\"name\":\"Oralvie\",\"url\":\"https:\\\/\\\/oralvie.com\\\/fr\\\/\",\"logo\":{\"@type\":\"ImageObject\",\"inLanguage\":\"fr-FR\",\"@id\":\"https:\\\/\\\/oralvie.com\\\/fr\\\/#\\\/schema\\\/logo\\\/image\\\/\",\"url\":\"https:\\\/\\\/oralvie.com\\\/wp-content\\\/uploads\\\/2024\\\/08\\\/Oralvie-Logo_3x.webp\",\"contentUrl\":\"https:\\\/\\\/oralvie.com\\\/wp-content\\\/uploads\\\/2024\\\/08\\\/Oralvie-Logo_3x.webp\",\"width\":336,\"height\":84,\"caption\":\"Oralvie\"},\"image\":{\"@id\":\"https:\\\/\\\/oralvie.com\\\/fr\\\/#\\\/schema\\\/logo\\\/image\\\/\"}}]}<\/script>\n<!-- \/ Yoast SEO plugin. -->","yoast_head_json":{"title":"Politique de Confidentialit\u00e9 - Oralvie","description":"Cette politique de confidentialit\u00e9 d\u00e9crit nos politiques et proc\u00e9dures relatives \u00e0 la collecte, \u00e0 l'utilisation et \u00e0 la divulgation de vos informations lorsque vous utilisez le Service et vous informe de vos droits en mati\u00e8re de confidentialit\u00e9 et de la mani\u00e8re dont la loi vous prot\u00e8ge.","robots":{"index":"index","follow":"follow","max-snippet":"max-snippet:-1","max-image-preview":"max-image-preview:large","max-video-preview":"max-video-preview:-1"},"canonical":"https:\/\/oralvie.com\/fr\/politique-de-confidentialite\/","og_locale":"fr_FR","og_type":"article","og_title":"Politique de Confidentialit\u00e9 - Oralvie","og_description":"Cette politique de confidentialit\u00e9 d\u00e9crit nos politiques et proc\u00e9dures relatives \u00e0 la collecte, \u00e0 l'utilisation et \u00e0 la divulgation de vos informations lorsque vous utilisez le Service et vous informe de vos droits en mati\u00e8re de confidentialit\u00e9 et de la mani\u00e8re dont la loi vous prot\u00e8ge.","og_url":"https:\/\/oralvie.com\/fr\/politique-de-confidentialite\/","og_site_name":"Oralvie","article_modified_time":"2026-04-24T16:23:47+00:00","twitter_card":"summary_large_image","schema":{"@context":"https:\/\/schema.org","@graph":[{"@type":"WebPage","@id":"https:\/\/oralvie.com\/fr\/politique-de-confidentialite\/","url":"https:\/\/oralvie.com\/fr\/politique-de-confidentialite\/","name":"Politique de Confidentialit\u00e9 - Oralvie","isPartOf":{"@id":"https:\/\/oralvie.com\/fr\/#website"},"datePublished":"2024-04-30T21:00:30+00:00","dateModified":"2026-04-24T16:23:47+00:00","description":"Cette politique de confidentialit\u00e9 d\u00e9crit nos politiques et proc\u00e9dures relatives \u00e0 la collecte, \u00e0 l'utilisation et \u00e0 la divulgation de vos informations lorsque vous utilisez le Service et vous informe de vos droits en mati\u00e8re de confidentialit\u00e9 et de la mani\u00e8re dont la loi vous prot\u00e8ge.","breadcrumb":{"@id":"https:\/\/oralvie.com\/fr\/politique-de-confidentialite\/#breadcrumb"},"inLanguage":"fr-FR","potentialAction":[{"@type":"ReadAction","target":["https:\/\/oralvie.com\/fr\/politique-de-confidentialite\/"]}]},{"@type":"BreadcrumbList","@id":"https:\/\/oralvie.com\/fr\/politique-de-confidentialite\/#breadcrumb","itemListElement":[{"@type":"ListItem","position":1,"name":"Home","item":"https:\/\/oralvie.com\/fr\/"},{"@type":"ListItem","position":2,"name":"Politique de Confidentialit\u00e9"}]},{"@type":"WebSite","@id":"https:\/\/oralvie.com\/fr\/#website","url":"https:\/\/oralvie.com\/fr\/","name":"Oralvie","description":"","publisher":{"@id":"https:\/\/oralvie.com\/fr\/#organization"},"potentialAction":[{"@type":"SearchAction","target":{"@type":"EntryPoint","urlTemplate":"https:\/\/oralvie.com\/fr\/?s={search_term_string}"},"query-input":{"@type":"PropertyValueSpecification","valueRequired":true,"valueName":"search_term_string"}}],"inLanguage":"fr-FR"},{"@type":"Organization","@id":"https:\/\/oralvie.com\/fr\/#organization","name":"Oralvie","url":"https:\/\/oralvie.com\/fr\/","logo":{"@type":"ImageObject","inLanguage":"fr-FR","@id":"https:\/\/oralvie.com\/fr\/#\/schema\/logo\/image\/","url":"https:\/\/oralvie.com\/wp-content\/uploads\/2024\/08\/Oralvie-Logo_3x.webp","contentUrl":"https:\/\/oralvie.com\/wp-content\/uploads\/2024\/08\/Oralvie-Logo_3x.webp","width":336,"height":84,"caption":"Oralvie"},"image":{"@id":"https:\/\/oralvie.com\/fr\/#\/schema\/logo\/image\/"}}]}},"_links":{"self":[{"href":"https:\/\/oralvie.com\/fr\/wp-json\/wp\/v2\/pages\/2001","targetHints":{"allow":["GET"]}}],"collection":[{"href":"https:\/\/oralvie.com\/fr\/wp-json\/wp\/v2\/pages"}],"about":[{"href":"https:\/\/oralvie.com\/fr\/wp-json\/wp\/v2\/types\/page"}],"author":[{"embeddable":true,"href":"https:\/\/oralvie.com\/fr\/wp-json\/wp\/v2\/users\/1"}],"replies":[{"embeddable":true,"href":"https:\/\/oralvie.com\/fr\/wp-json\/wp\/v2\/comments?post=2001"}],"version-history":[{"count":3,"href":"https:\/\/oralvie.com\/fr\/wp-json\/wp\/v2\/pages\/2001\/revisions"}],"predecessor-version":[{"id":5599,"href":"https:\/\/oralvie.com\/fr\/wp-json\/wp\/v2\/pages\/2001\/revisions\/5599"}],"wp:attachment":[{"href":"https:\/\/oralvie.com\/fr\/wp-json\/wp\/v2\/media?parent=2001"}],"curies":[{"name":"wp","href":"https:\/\/api.w.org\/{rel}","templated":true}]}}