{"id":2012,"date":"2024-04-17T09:22:13","date_gmt":"2024-04-17T09:22:13","guid":{"rendered":"https:\/\/oralvie.webistry.dev\/all-services\/emergency-exam\/"},"modified":"2025-08-03T13:36:23","modified_gmt":"2025-08-03T13:36:23","slug":"examen-durgence","status":"publish","type":"page","link":"https:\/\/oralvie.com\/fr\/services-dentaires\/examen-durgence\/","title":{"rendered":"Examen d&rsquo;urgence"},"content":{"rendered":"","protected":false},"excerpt":{"rendered":"","protected":false},"author":1,"featured_media":0,"parent":1998,"menu_order":0,"comment_status":"closed","ping_status":"closed","template":"","meta":{"_acf_changed":false,"footnotes":""},"class_list":["post-2012","page","type-page","status-publish","hentry"],"acf":[],"yoast_head":"<!-- This site is optimized with the Yoast SEO plugin v27.5 - https:\/\/yoast.com\/product\/yoast-seo-wordpress\/ -->\n<title>Dentiste d&#039;urgence \u00e0 Montr\u00e9al - Oralvie<\/title>\n<meta name=\"description\" content=\"D\u00e9couvrez nos services d&#039;urgence dentaire \u00e0 Montr\u00e9al, offrant des soins rapides et efficaces pour tous vos probl\u00e8mes dentaires. Consultez nos sp\u00e9cialistes pour une intervention imm\u00e9diate.\" \/>\n<meta name=\"robots\" content=\"index, follow, max-snippet:-1, max-image-preview:large, max-video-preview:-1\" \/>\n<link rel=\"canonical\" href=\"https:\/\/oralvie.com\/fr\/services-dentaires\/examen-durgence\/\" \/>\n<meta property=\"og:locale\" content=\"fr_FR\" \/>\n<meta property=\"og:type\" content=\"article\" \/>\n<meta property=\"og:title\" content=\"Dentiste d&#039;urgence \u00e0 Montr\u00e9al - Oralvie\" \/>\n<meta property=\"og:description\" content=\"D\u00e9couvrez nos services d&#039;urgence dentaire \u00e0 Montr\u00e9al, offrant des soins rapides et efficaces pour tous vos probl\u00e8mes dentaires. Consultez nos sp\u00e9cialistes pour une intervention imm\u00e9diate.\" \/>\n<meta property=\"og:url\" content=\"https:\/\/oralvie.com\/fr\/services-dentaires\/examen-durgence\/\" \/>\n<meta property=\"og:site_name\" content=\"Oralvie\" \/>\n<meta property=\"article:modified_time\" content=\"2025-08-03T13:36:23+00:00\" \/>\n<meta name=\"twitter:card\" content=\"summary_large_image\" \/>\n<script type=\"application\/ld+json\" class=\"yoast-schema-graph\">{\"@context\":\"https:\\\/\\\/schema.org\",\"@graph\":[{\"@type\":\"WebPage\",\"@id\":\"https:\\\/\\\/oralvie.com\\\/fr\\\/services-dentaires\\\/examen-durgence\\\/\",\"url\":\"https:\\\/\\\/oralvie.com\\\/fr\\\/services-dentaires\\\/examen-durgence\\\/\",\"name\":\"Dentiste d'urgence \u00e0 Montr\u00e9al - Oralvie\",\"isPartOf\":{\"@id\":\"https:\\\/\\\/oralvie.com\\\/fr\\\/#website\"},\"datePublished\":\"2024-04-17T09:22:13+00:00\",\"dateModified\":\"2025-08-03T13:36:23+00:00\",\"description\":\"D\u00e9couvrez nos services d'urgence dentaire \u00e0 Montr\u00e9al, offrant des soins rapides et efficaces pour tous vos probl\u00e8mes dentaires. Consultez nos sp\u00e9cialistes pour une intervention imm\u00e9diate.\",\"breadcrumb\":{\"@id\":\"https:\\\/\\\/oralvie.com\\\/fr\\\/services-dentaires\\\/examen-durgence\\\/#breadcrumb\"},\"inLanguage\":\"fr-FR\",\"potentialAction\":[{\"@type\":\"ReadAction\",\"target\":[\"https:\\\/\\\/oralvie.com\\\/fr\\\/services-dentaires\\\/examen-durgence\\\/\"]}]},{\"@type\":\"BreadcrumbList\",\"@id\":\"https:\\\/\\\/oralvie.com\\\/fr\\\/services-dentaires\\\/examen-durgence\\\/#breadcrumb\",\"itemListElement\":[{\"@type\":\"ListItem\",\"position\":1,\"name\":\"Home\",\"item\":\"https:\\\/\\\/oralvie.com\\\/fr\\\/\"},{\"@type\":\"ListItem\",\"position\":2,\"name\":\"Services dentaires\",\"item\":\"https:\\\/\\\/oralvie.com\\\/fr\\\/services-dentaires\\\/\"},{\"@type\":\"ListItem\",\"position\":3,\"name\":\"Examen d&rsquo;urgence\"}]},{\"@type\":\"WebSite\",\"@id\":\"https:\\\/\\\/oralvie.com\\\/fr\\\/#website\",\"url\":\"https:\\\/\\\/oralvie.com\\\/fr\\\/\",\"name\":\"Oralvie\",\"description\":\"\",\"publisher\":{\"@id\":\"https:\\\/\\\/oralvie.com\\\/fr\\\/#organization\"},\"potentialAction\":[{\"@type\":\"SearchAction\",\"target\":{\"@type\":\"EntryPoint\",\"urlTemplate\":\"https:\\\/\\\/oralvie.com\\\/fr\\\/?s={search_term_string}\"},\"query-input\":{\"@type\":\"PropertyValueSpecification\",\"valueRequired\":true,\"valueName\":\"search_term_string\"}}],\"inLanguage\":\"fr-FR\"},{\"@type\":\"Organization\",\"@id\":\"https:\\\/\\\/oralvie.com\\\/fr\\\/#organization\",\"name\":\"Oralvie\",\"url\":\"https:\\\/\\\/oralvie.com\\\/fr\\\/\",\"logo\":{\"@type\":\"ImageObject\",\"inLanguage\":\"fr-FR\",\"@id\":\"https:\\\/\\\/oralvie.com\\\/fr\\\/#\\\/schema\\\/logo\\\/image\\\/\",\"url\":\"https:\\\/\\\/oralvie.com\\\/wp-content\\\/uploads\\\/2024\\\/08\\\/Oralvie-Logo_3x.webp\",\"contentUrl\":\"https:\\\/\\\/oralvie.com\\\/wp-content\\\/uploads\\\/2024\\\/08\\\/Oralvie-Logo_3x.webp\",\"width\":336,\"height\":84,\"caption\":\"Oralvie\"},\"image\":{\"@id\":\"https:\\\/\\\/oralvie.com\\\/fr\\\/#\\\/schema\\\/logo\\\/image\\\/\"}}]}<\/script>\n<!-- \/ Yoast SEO plugin. -->","yoast_head_json":{"title":"Dentiste d'urgence \u00e0 Montr\u00e9al - Oralvie","description":"D\u00e9couvrez nos services d'urgence dentaire \u00e0 Montr\u00e9al, offrant des soins rapides et efficaces pour tous vos probl\u00e8mes dentaires. Consultez nos sp\u00e9cialistes pour une intervention imm\u00e9diate.","robots":{"index":"index","follow":"follow","max-snippet":"max-snippet:-1","max-image-preview":"max-image-preview:large","max-video-preview":"max-video-preview:-1"},"canonical":"https:\/\/oralvie.com\/fr\/services-dentaires\/examen-durgence\/","og_locale":"fr_FR","og_type":"article","og_title":"Dentiste d'urgence \u00e0 Montr\u00e9al - Oralvie","og_description":"D\u00e9couvrez nos services d'urgence dentaire \u00e0 Montr\u00e9al, offrant des soins rapides et efficaces pour tous vos probl\u00e8mes dentaires. Consultez nos sp\u00e9cialistes pour une intervention imm\u00e9diate.","og_url":"https:\/\/oralvie.com\/fr\/services-dentaires\/examen-durgence\/","og_site_name":"Oralvie","article_modified_time":"2025-08-03T13:36:23+00:00","twitter_card":"summary_large_image","schema":{"@context":"https:\/\/schema.org","@graph":[{"@type":"WebPage","@id":"https:\/\/oralvie.com\/fr\/services-dentaires\/examen-durgence\/","url":"https:\/\/oralvie.com\/fr\/services-dentaires\/examen-durgence\/","name":"Dentiste d'urgence \u00e0 Montr\u00e9al - Oralvie","isPartOf":{"@id":"https:\/\/oralvie.com\/fr\/#website"},"datePublished":"2024-04-17T09:22:13+00:00","dateModified":"2025-08-03T13:36:23+00:00","description":"D\u00e9couvrez nos services d'urgence dentaire \u00e0 Montr\u00e9al, offrant des soins rapides et efficaces pour tous vos probl\u00e8mes dentaires. Consultez nos sp\u00e9cialistes pour une intervention imm\u00e9diate.","breadcrumb":{"@id":"https:\/\/oralvie.com\/fr\/services-dentaires\/examen-durgence\/#breadcrumb"},"inLanguage":"fr-FR","potentialAction":[{"@type":"ReadAction","target":["https:\/\/oralvie.com\/fr\/services-dentaires\/examen-durgence\/"]}]},{"@type":"BreadcrumbList","@id":"https:\/\/oralvie.com\/fr\/services-dentaires\/examen-durgence\/#breadcrumb","itemListElement":[{"@type":"ListItem","position":1,"name":"Home","item":"https:\/\/oralvie.com\/fr\/"},{"@type":"ListItem","position":2,"name":"Services dentaires","item":"https:\/\/oralvie.com\/fr\/services-dentaires\/"},{"@type":"ListItem","position":3,"name":"Examen d&rsquo;urgence"}]},{"@type":"WebSite","@id":"https:\/\/oralvie.com\/fr\/#website","url":"https:\/\/oralvie.com\/fr\/","name":"Oralvie","description":"","publisher":{"@id":"https:\/\/oralvie.com\/fr\/#organization"},"potentialAction":[{"@type":"SearchAction","target":{"@type":"EntryPoint","urlTemplate":"https:\/\/oralvie.com\/fr\/?s={search_term_string}"},"query-input":{"@type":"PropertyValueSpecification","valueRequired":true,"valueName":"search_term_string"}}],"inLanguage":"fr-FR"},{"@type":"Organization","@id":"https:\/\/oralvie.com\/fr\/#organization","name":"Oralvie","url":"https:\/\/oralvie.com\/fr\/","logo":{"@type":"ImageObject","inLanguage":"fr-FR","@id":"https:\/\/oralvie.com\/fr\/#\/schema\/logo\/image\/","url":"https:\/\/oralvie.com\/wp-content\/uploads\/2024\/08\/Oralvie-Logo_3x.webp","contentUrl":"https:\/\/oralvie.com\/wp-content\/uploads\/2024\/08\/Oralvie-Logo_3x.webp","width":336,"height":84,"caption":"Oralvie"},"image":{"@id":"https:\/\/oralvie.com\/fr\/#\/schema\/logo\/image\/"}}]}},"_links":{"self":[{"href":"https:\/\/oralvie.com\/fr\/wp-json\/wp\/v2\/pages\/2012","targetHints":{"allow":["GET"]}}],"collection":[{"href":"https:\/\/oralvie.com\/fr\/wp-json\/wp\/v2\/pages"}],"about":[{"href":"https:\/\/oralvie.com\/fr\/wp-json\/wp\/v2\/types\/page"}],"author":[{"embeddable":true,"href":"https:\/\/oralvie.com\/fr\/wp-json\/wp\/v2\/users\/1"}],"replies":[{"embeddable":true,"href":"https:\/\/oralvie.com\/fr\/wp-json\/wp\/v2\/comments?post=2012"}],"version-history":[{"count":13,"href":"https:\/\/oralvie.com\/fr\/wp-json\/wp\/v2\/pages\/2012\/revisions"}],"predecessor-version":[{"id":5495,"href":"https:\/\/oralvie.com\/fr\/wp-json\/wp\/v2\/pages\/2012\/revisions\/5495"}],"up":[{"embeddable":true,"href":"https:\/\/oralvie.com\/fr\/wp-json\/wp\/v2\/pages\/1998"}],"wp:attachment":[{"href":"https:\/\/oralvie.com\/fr\/wp-json\/wp\/v2\/media?parent=2012"}],"curies":[{"name":"wp","href":"https:\/\/api.w.org\/{rel}","templated":true}]}}